{"id":899,"date":"2021-05-15T11:32:27","date_gmt":"2021-05-15T09:32:27","guid":{"rendered":"http:\/\/kanban.nooohosting.it\/?page_id=899"},"modified":"2024-12-03T10:58:59","modified_gmt":"2024-12-03T09:58:59","slug":"datenschutz-bestimmungen","status":"publish","type":"page","link":"https:\/\/www.kanbanrocket.com\/de\/datenschutz-bestimmungen\/","title":{"rendered":"Datenschutz-Bestimmungen"},"content":{"rendered":"<div class=\"p-rich_text_section\"><b data-stringify-type=\"bold\">INFORMATIONEN ZUR VERARBEITUNG PERS\u00d6NLICHER DATEN<\/b><br \/>\n<i data-stringify-type=\"italic\">(Ex Artikel 13 &#8211; 14 der EU-Verordnung 2016\/679 und des Gesetzesdekrets 196\/2003 im Lichte des Gesetzesdekrets 101\/2018)<\/i><\/div>\n<div class=\"p-rich_text_section\">Sehr geehrte Interessierte,<br \/>\nIm Folgenden stellen wir Ihnen einige Informationen zur Verf\u00fcgung, die Sie zu Ihrem Wissen bringen m\u00fcssen, um nicht nur den gesetzlichen Verpflichtungen nachzukommen, sondern auch, weil Transparenz und Fairness gegen\u00fcber unseren Kunden ein wesentlicher Bestandteil unseres Gesch\u00e4fts sind.<br \/>\nDer Datenverantwortliche f\u00fcr Ihre pers\u00f6nlichen Daten ist KanbanRocket, der Ihnen gegen\u00fcber f\u00fcr die rechtm\u00e4\u00dfige und korrekte Verwendung Ihrer pers\u00f6nlichen Daten verantwortlich ist und an den Sie sich unter folgenden Adressen wenden k\u00f6nnen, um Informationen oder Anfragen zu erhalten:<\/div>\n<div><\/div>\n<div class=\"p-rich_text_section\">Datencontroller: <b data-stringify-type=\"bold\"><span class=\"m_-3192756243357682835spelle\">TALARYS S.r.l.<\/span><\/b><\/div>\n<div class=\"p-rich_text_section\">Betriebszentrale: <strong><span class=\"cmplz-contact-address\">Via del Santo, 37 \u2013 35010 Limena PD<\/span><\/strong><\/div>\n<div class=\"p-rich_text_section\">Sitz der Gesellschaft: <strong>Via Ronchi, 19 &#8211; 35010 Loreggia (PD)<br \/>\n<\/strong>Kontakte: E-mail: info@talarys.com<\/div>\n<div><\/div>\n<div class=\"p-rich_text_section\">Der Datenverantwortliche garantiert die Sicherheit, Vertraulichkeit und den Schutz der in seinem Besitz befindlichen Daten in jeder Phase des Datenverarbeitungsprozesses. Die erhobenen Daten werden in \u00dcbereinstimmung mit den geltenden Datenschutzbestimmungen (DSGVO 679\/2016) verwendet. Personenbezogene Daten k\u00f6nnen den zur Verarbeitung befugten Personen zur Kenntnis gebracht und an Mitarbeiter und \/ oder andere Personen weitergegeben werden, f\u00fcr die eine Kommunikation zur Bereitstellung von Diensten, zur technischen Unterst\u00fctzung von IT- \/ Telematikdiensten und zur Serverspeicherung erforderlich ist. Die vom Benutzer bereitgestellten Daten k\u00f6nnen an Personen weitergegeben werden, f\u00fcr die eine gesetzliche Kommunikationspflicht oder eine Kommunikationspflicht besteht, um ein gerechtes Recht des Eigent\u00fcmers gegen\u00fcber den zust\u00e4ndigen Stellen geltend zu machen. Die \u00dcbermittlung personenbezogener Daten an Nicht-EU-L\u00e4nder oder an internationale Organisationen ist nicht vorgesehen.<\/p>\n<p><b data-stringify-type=\"bold\">ZWECK DER BEHANDLUNG<\/b><br \/>\nDie Computersysteme und Softwareverfahren, die den Betrieb dieser Site regeln, erfassen die Navigationsdaten. Diese Informationen werden nicht gesammelt, um eine sp\u00e4tere Identifizierung des Benutzers zu erm\u00f6glichen, sondern dienen ausschlie\u00dflich dazu, anonyme statistische Informationen \u00fcber die Nutzung der Website zu erhalten und deren ordnungsgem\u00e4\u00dfe Funktion zu \u00fcberpr\u00fcfen. Diese Datenkategorie umfasst:<\/div>\n<ul class=\"p-rich_text_list p-rich_text_list__bullet\" data-stringify-type=\"unordered-list\" data-indent=\"0\">\n<li data-stringify-indent=\"0\">IP-Adressen oder Dom\u00e4nennamen der Computer, die von Benutzern verwendet werden, die eine Verbindung zur Site herstellen;<\/li>\n<li data-stringify-indent=\"0\">Zeitpunkt der Anfrage;<\/li>\n<li data-stringify-indent=\"0\">Methode zum Senden der Anforderung an den Server;<\/li>\n<li data-stringify-indent=\"0\">numerischer Code, der den Status der vom Server gegebenen Antwort angibt (erfolgreich, Fehler usw.);<\/li>\n<li data-stringify-indent=\"0\">andere vom Benutzer verwendete Parameter in Bezug auf das Betriebssystem und den Browser.<\/li>\n<\/ul>\n<div class=\"p-rich_text_section\">Die Daten, die Benutzer freiwillig \u00fcber diese Website bereitstellen, werden ausschlie\u00dflich zu dem Zweck verarbeitet, den Zugriff auf Produkte, Dienstleistungen und Inhalte zu erm\u00f6glichen sowie den angeforderten Dienst oder die angeforderte Bereitstellung auszuf\u00fchren. In Bezug auf bestimmte Dienstleistungen und vorbehaltlich der Einwilligung des Interessenten kann der f\u00fcr die Verarbeitung Verantwortliche diese Daten auch zur Information und Aktualisierung der angebotenen Dienste (z. B. durch Versenden von Newslettern) zur Durchf\u00fchrung von Verkaufsaktivit\u00e4ten verwenden Platzierung von Produkten und Dienstleistungen sowie Durchf\u00fchrung von Studien und Marktforschung. In jedem Fall k\u00f6nnten die erfassten Daten verwendet werden, um Verantwortlichkeiten in Bezug auf hypothetische Verbrechen, einschlie\u00dflich IT-Verbrechen, zum Nachteil der Website zu ermitteln.<\/div>\n<div class=\"p-rich_text_section\"><b data-stringify-type=\"bold\">PERS\u00d6NLICHE INFORMATIONEN, DIE WIR SAMMELN<\/b><br \/>\nBei jedem Kontakt oder jeder Interaktion mit dem Besucher k\u00f6nnen einige pers\u00f6nliche Informationen gesammelt werden, wie z.<\/div>\n<ul class=\"p-rich_text_list p-rich_text_list__bullet\" data-stringify-type=\"unordered-list\" data-indent=\"0\">\n<li data-stringify-indent=\"0\">Vorname;<\/li>\n<li data-stringify-indent=\"0\">Nachname;<\/li>\n<li data-stringify-indent=\"0\">Telefon;<\/li>\n<li data-stringify-indent=\"0\">Email;<\/li>\n<li data-stringify-indent=\"0\">Alle anderen Daten, die uns vom Benutzer freiwillig zur Verf\u00fcgung gestellt werden.<\/li>\n<\/ul>\n<div class=\"p-rich_text_section\">Abgesehen von den nachstehend in Bezug auf Navigationsdaten angegebenen Daten kann der Benutzer seine pers\u00f6nlichen Daten frei angeben, w\u00e4hrend die Nichtbereitstellung dieser Daten m\u00f6glicherweise nur dazu f\u00fchrt, dass er nicht in der Lage ist, die angeforderten Daten zu erhalten.<\/div>\n<div class=\"p-rich_text_section\"><b data-stringify-type=\"bold\">INFORMATIONEN, DIE WIR VON DRITTANBIETERN SAMMELN<\/b><br \/>\nBeim Surfen sammeln wir Standardinformationen zum Zugriff und Details des Benutzerverhaltensmodells. Diese Daten werden beispielsweise verwendet, um Informationen \u00fcber die Anzahl der Besucher zu erhalten, die die verschiedenen Bereiche der Website durchsuchen. Diese Informationen werden mit Verfahren gesammelt, die die Erkennungskraft von Cookies verringern. Wir versuchen in keiner Weise, die Identit\u00e4t der Besucher unserer Website herauszufinden, und keine der \u00fcber die Website gesammelten Daten ist mit Informationen verkn\u00fcpft, die aus einer Quelle stammen, die in der Lage ist, eine Person zu identifizieren (in jedem Fall unbeschadet) die vom Benutzer freiwillig zur Verf\u00fcgung gestellten Informationen).<\/div>\n<div class=\"p-rich_text_section\"><b data-stringify-type=\"bold\">LAGERZEITEN<\/b><br \/>\nIn \u00dcbereinstimmung mit den Grunds\u00e4tzen der Verh\u00e4ltnism\u00e4\u00dfigkeit und Notwendigkeit werden keine Daten l\u00e4nger gespeichert als f\u00fcr die Verwirklichung der oben genannten Zwecke und damit f\u00fcr die angebotene Dienstleistung oder die spezifischen Gesetze erforderlich.<br \/>\nDie durch die Cookies gesammelten Daten, auf die in den nachstehenden spezifischen Informationen verwiesen wird, werden entsprechend ihrer Art gespeichert: Sitzungscookies verfallen, wenn der Benutzer den Browser schlie\u00dft. Dauerhafte Cookies haben typische Ablaufdaten, die bis auf bestimmte Ausnahmen nicht \u00fcberschritten werden 60 Tage.<br \/>\nDer Benutzer kann jedoch jederzeit die Unterbrechung der Verarbeitung oder die L\u00f6schung und \/ oder Einschr\u00e4nkung der Daten beantragen.<\/div>\n<div class=\"p-rich_text_section\"><b data-stringify-type=\"bold\">RECHTE UND ZUR\u00dcCKNAHME DER ZUSTIMMUNG<\/b><br \/>\nDie DSGVO 679\/2016 erkennt bestimmte Rechte gegen\u00fcber dem Interessenten an:<\/div>\n<ul class=\"p-rich_text_list p-rich_text_list__bullet\" data-stringify-type=\"unordered-list\" data-indent=\"0\">\n<li data-stringify-indent=\"0\">Kunst. 15 &#8211; Recht auf Zugang zu den gesammelten und verarbeiteten Daten;<\/li>\n<li data-stringify-indent=\"0\">Kunst. 16 &#8211; Recht auf Berichtigung der Daten;<\/li>\n<li data-stringify-indent=\"0\">Kunst. 17 &#8211; das Recht auf L\u00f6schung von Daten und das Recht auf Vergessen;<\/li>\n<li data-stringify-indent=\"0\">Kunst. 18 &#8211; Recht auf Behandlungsbeschr\u00e4nkung;<\/li>\n<li data-stringify-indent=\"0\">Kunst. 20 &#8211; Recht auf Daten\u00fcbertragbarkeit auf einen anderen Eigent\u00fcmer;<\/li>\n<li data-stringify-indent=\"0\">Kunst. 21 &#8211; Widerspruchsrecht gegen die Verarbeitung;<\/li>\n<li data-stringify-indent=\"0\">Kunst. 22 &#8211; Recht, sich keiner automatisierten Verarbeitung zu unterziehen;<\/li>\n<li data-stringify-indent=\"0\">Kunst. 7 &#8211; Recht, die Einwilligung jederzeit zu widerrufen, unbeschadet der Rechtm\u00e4\u00dfigkeit der Verarbeitung aufgrund der vor dem Widerruf erteilten Einwilligung;<\/li>\n<li data-stringify-indent=\"0\">Kunst. 77 &#8211; Recht, eine Beschwerde bei der Aufsichtsbeh\u00f6rde einzureichen.<\/li>\n<\/ul>\n<div class=\"p-rich_text_section\">Die Aus\u00fcbung der vorgenannten Rechte kann durch Senden einer Anfrage per E-Mail an die Kontakte des Eigent\u00fcmers praktiziert werden.<br \/>\nZus\u00e4tzliche Informationen zur Verarbeitung personenbezogener Daten k\u00f6nnen jederzeit vom f\u00fcr die Datenverarbeitung Verantwortlichen unter Verwendung der Kontaktinformationen angefordert werden.<\/div>\n<div class=\"p-rich_text_section\"><b data-stringify-type=\"bold\">\u00c4NDERUNGEN DIESER DATENSCHUTZRICHTLINIE<\/b><br \/>\nDer Datenverantwortliche beh\u00e4lt sich das Recht vor, diese Datenschutzrichtlinie jederzeit zu \u00e4ndern und die Benutzer auf dieser Seite zu benachrichtigen. Besucher werden daher gebeten, diese Seite h\u00e4ufig zu konsultieren, wobei das unten angegebene Datum der letzten \u00c4nderung als Referenz dient. Falls die an dieser Datenschutzrichtlinie vorgenommenen \u00c4nderungen nicht akzeptiert werden, muss der Benutzer die Nutzung dieser Website sofort einstellen und den Datenverantwortlichen auffordern, seine pers\u00f6nlichen Daten zu entfernen.<br \/>\nFalls nicht anders angegeben.<\/div>\n<div class=\"p-rich_text_section\"><b data-stringify-type=\"bold\">MINDERJAHRIGE UNTER 14 JAHREN<\/b><br \/>\nUnsere Website richtet sich an eine breite \u00d6ffentlichkeit und bietet keine Dienstleistungen f\u00fcr Kinder an. Wenn wir Kenntnis von den personenbezogenen Daten eines Kindes unter 14 Jahren erhalten, die von ihm ohne Genehmigung seiner Eltern oder eines Erziehungsberechtigten zur Verf\u00fcgung gestellt wurden, werden wir diese Informationen unverz\u00fcglich l\u00f6schen.<\/div>\n<div class=\"p-rich_text_section\"><b data-stringify-type=\"bold\">VERTEIDIGUNG IM URTEIL<\/b><br \/>\nDie personenbezogenen Daten des Benutzers k\u00f6nnen vom Eigent\u00fcmer oder in den Phasen, die zu seiner endg\u00fcltigen Einrichtung f\u00fchren, zur Rechtsverteidigung verwendet werden, wenn der Benutzer die gleichen oder verwandte Dienste missbraucht. Nach einer Vorladung, einer gerichtlichen Anordnung oder einer anderen rechtlichen Initiative; um die gesetzlich anerkannten Rechte gegen\u00fcber dem f\u00fcr die Verarbeitung Verantwortlichen zu begr\u00fcnden oder auszu\u00fcben; im Falle von rechtlichen Schritten gegen den Eigent\u00fcmer oder f\u00fcr andere gesetzlich vorgeschriebene Zwecke zu sch\u00fctzen.<br \/>\nDer Benutzer erkl\u00e4rt sich dar\u00fcber im Klaren, dass der f\u00fcr die Verarbeitung Verantwortliche m\u00f6glicherweise von Beh\u00f6rden zur Offenlegung personenbezogener Daten aufgefordert wird.<\/div>\n","protected":false},"excerpt":{"rendered":"<p>INFORMATIONEN ZUR VERARBEITUNG PERS\u00d6NLICHER DATEN (Ex Artikel 13 &#8211; 14 der EU-Verordnung 2016\/679 und des Gesetzesdekrets 196\/2003 im Lichte des Gesetzesdekrets 101\/2018) Sehr geehrte Interessierte, Im Folgenden stellen wir Ihnen einige Informationen zur Verf\u00fcgung, die Sie zu Ihrem Wissen bringen m\u00fcssen, um nicht nur den gesetzlichen Verpflichtungen nachzukommen, sondern auch, weil Transparenz und Fairness gegen\u00fcber [&hellip;]<\/p>\n","protected":false},"author":3,"featured_media":0,"parent":0,"menu_order":0,"comment_status":"closed","ping_status":"open","template":"page-privacy.php","meta":[],"yoast_head":"<!-- This site is optimized with the Yoast SEO plugin v16.7 - https:\/\/yoast.com\/wordpress\/plugins\/seo\/ -->\n<title>Datenschutz-Bestimmungen - KanbanRocket<\/title>\n<meta name=\"robots\" content=\"index, follow, max-snippet:-1, max-image-preview:large, max-video-preview:-1\" \/>\n<link rel=\"canonical\" href=\"https:\/\/www.kanbanrocket.com\/de\/datenschutz-bestimmungen\/\" \/>\n<meta property=\"og:locale\" content=\"de_DE\" \/>\n<meta property=\"og:type\" content=\"article\" \/>\n<meta property=\"og:title\" content=\"Datenschutz-Bestimmungen - KanbanRocket\" \/>\n<meta property=\"og:description\" content=\"INFORMATIONEN ZUR VERARBEITUNG PERS\u00d6NLICHER DATEN (Ex Artikel 13 &#8211; 14 der EU-Verordnung 2016\/679 und des Gesetzesdekrets 196\/2003 im Lichte des Gesetzesdekrets 101\/2018) Sehr geehrte Interessierte, Im Folgenden stellen wir Ihnen einige Informationen zur Verf\u00fcgung, die Sie zu Ihrem Wissen bringen m\u00fcssen, um nicht nur den gesetzlichen Verpflichtungen nachzukommen, sondern auch, weil Transparenz und Fairness gegen\u00fcber [&hellip;]\" \/>\n<meta property=\"og:url\" content=\"https:\/\/www.kanbanrocket.com\/de\/datenschutz-bestimmungen\/\" \/>\n<meta property=\"og:site_name\" content=\"KanbanRocket\" \/>\n<meta property=\"article:modified_time\" content=\"2024-12-03T09:58:59+00:00\" \/>\n<meta name=\"twitter:card\" content=\"summary_large_image\" \/>\n<meta name=\"twitter:label1\" content=\"Gesch\u00e4tzte Lesezeit\" \/>\n\t<meta name=\"twitter:data1\" content=\"5 Minuten\" \/>\n<script type=\"application\/ld+json\" class=\"yoast-schema-graph\">{\"@context\":\"https:\/\/schema.org\",\"@graph\":[{\"@type\":\"WebSite\",\"@id\":\"https:\/\/www.kanbanrocket.com\/#website\",\"url\":\"https:\/\/www.kanbanrocket.com\/\",\"name\":\"KanbanRocket\",\"description\":\"Il software per la gestione dei materiali di ultima generazione\",\"potentialAction\":[{\"@type\":\"SearchAction\",\"target\":{\"@type\":\"EntryPoint\",\"urlTemplate\":\"https:\/\/www.kanbanrocket.com\/?s={search_term_string}\"},\"query-input\":\"required name=search_term_string\"}],\"inLanguage\":\"de-DE\"},{\"@type\":\"WebPage\",\"@id\":\"https:\/\/www.kanbanrocket.com\/de\/datenschutz-bestimmungen\/#webpage\",\"url\":\"https:\/\/www.kanbanrocket.com\/de\/datenschutz-bestimmungen\/\",\"name\":\"Datenschutz-Bestimmungen - KanbanRocket\",\"isPartOf\":{\"@id\":\"https:\/\/www.kanbanrocket.com\/#website\"},\"datePublished\":\"2021-05-15T09:32:27+00:00\",\"dateModified\":\"2024-12-03T09:58:59+00:00\",\"breadcrumb\":{\"@id\":\"https:\/\/www.kanbanrocket.com\/de\/datenschutz-bestimmungen\/#breadcrumb\"},\"inLanguage\":\"de-DE\",\"potentialAction\":[{\"@type\":\"ReadAction\",\"target\":[\"https:\/\/www.kanbanrocket.com\/de\/datenschutz-bestimmungen\/\"]}]},{\"@type\":\"BreadcrumbList\",\"@id\":\"https:\/\/www.kanbanrocket.com\/de\/datenschutz-bestimmungen\/#breadcrumb\",\"itemListElement\":[{\"@type\":\"ListItem\",\"position\":1,\"name\":\"Datenschutz-Bestimmungen\"}]}]}<\/script>\n<!-- \/ Yoast SEO plugin. -->","yoast_head_json":{"title":"Datenschutz-Bestimmungen - KanbanRocket","robots":{"index":"index","follow":"follow","max-snippet":"max-snippet:-1","max-image-preview":"max-image-preview:large","max-video-preview":"max-video-preview:-1"},"canonical":"https:\/\/www.kanbanrocket.com\/de\/datenschutz-bestimmungen\/","og_locale":"de_DE","og_type":"article","og_title":"Datenschutz-Bestimmungen - KanbanRocket","og_description":"INFORMATIONEN ZUR VERARBEITUNG PERS\u00d6NLICHER DATEN (Ex Artikel 13 &#8211; 14 der EU-Verordnung 2016\/679 und des Gesetzesdekrets 196\/2003 im Lichte des Gesetzesdekrets 101\/2018) Sehr geehrte Interessierte, Im Folgenden stellen wir Ihnen einige Informationen zur Verf\u00fcgung, die Sie zu Ihrem Wissen bringen m\u00fcssen, um nicht nur den gesetzlichen Verpflichtungen nachzukommen, sondern auch, weil Transparenz und Fairness gegen\u00fcber [&hellip;]","og_url":"https:\/\/www.kanbanrocket.com\/de\/datenschutz-bestimmungen\/","og_site_name":"KanbanRocket","article_modified_time":"2024-12-03T09:58:59+00:00","twitter_card":"summary_large_image","twitter_misc":{"Gesch\u00e4tzte Lesezeit":"5 Minuten"},"schema":{"@context":"https:\/\/schema.org","@graph":[{"@type":"WebSite","@id":"https:\/\/www.kanbanrocket.com\/#website","url":"https:\/\/www.kanbanrocket.com\/","name":"KanbanRocket","description":"Il software per la gestione dei materiali di ultima generazione","potentialAction":[{"@type":"SearchAction","target":{"@type":"EntryPoint","urlTemplate":"https:\/\/www.kanbanrocket.com\/?s={search_term_string}"},"query-input":"required name=search_term_string"}],"inLanguage":"de-DE"},{"@type":"WebPage","@id":"https:\/\/www.kanbanrocket.com\/de\/datenschutz-bestimmungen\/#webpage","url":"https:\/\/www.kanbanrocket.com\/de\/datenschutz-bestimmungen\/","name":"Datenschutz-Bestimmungen - KanbanRocket","isPartOf":{"@id":"https:\/\/www.kanbanrocket.com\/#website"},"datePublished":"2021-05-15T09:32:27+00:00","dateModified":"2024-12-03T09:58:59+00:00","breadcrumb":{"@id":"https:\/\/www.kanbanrocket.com\/de\/datenschutz-bestimmungen\/#breadcrumb"},"inLanguage":"de-DE","potentialAction":[{"@type":"ReadAction","target":["https:\/\/www.kanbanrocket.com\/de\/datenschutz-bestimmungen\/"]}]},{"@type":"BreadcrumbList","@id":"https:\/\/www.kanbanrocket.com\/de\/datenschutz-bestimmungen\/#breadcrumb","itemListElement":[{"@type":"ListItem","position":1,"name":"Datenschutz-Bestimmungen"}]}]}},"_links":{"self":[{"href":"https:\/\/www.kanbanrocket.com\/de\/wp-json\/wp\/v2\/pages\/899"}],"collection":[{"href":"https:\/\/www.kanbanrocket.com\/de\/wp-json\/wp\/v2\/pages"}],"about":[{"href":"https:\/\/www.kanbanrocket.com\/de\/wp-json\/wp\/v2\/types\/page"}],"author":[{"embeddable":true,"href":"https:\/\/www.kanbanrocket.com\/de\/wp-json\/wp\/v2\/users\/3"}],"replies":[{"embeddable":true,"href":"https:\/\/www.kanbanrocket.com\/de\/wp-json\/wp\/v2\/comments?post=899"}],"version-history":[{"count":16,"href":"https:\/\/www.kanbanrocket.com\/de\/wp-json\/wp\/v2\/pages\/899\/revisions"}],"predecessor-version":[{"id":3702,"href":"https:\/\/www.kanbanrocket.com\/de\/wp-json\/wp\/v2\/pages\/899\/revisions\/3702"}],"wp:attachment":[{"href":"https:\/\/www.kanbanrocket.com\/de\/wp-json\/wp\/v2\/media?parent=899"}],"curies":[{"name":"wp","href":"https:\/\/api.w.org\/{rel}","templated":true}]}}