{"id":895,"date":"2021-05-15T11:17:56","date_gmt":"2021-05-15T09:17:56","guid":{"rendered":"http:\/\/kanban.nooohosting.it\/?page_id=895"},"modified":"2024-12-03T10:58:32","modified_gmt":"2024-12-03T09:58:32","slug":"politique-de-confidentialite","status":"publish","type":"page","link":"https:\/\/www.kanbanrocket.com\/fr\/politique-de-confidentialite\/","title":{"rendered":"Politique de confidentialit\u00e9"},"content":{"rendered":"<div class=\"p-rich_text_section\"><b data-stringify-type=\"bold\">INFORMATIONS SUR LE TRAITEMENT DES DONN\u00c9ES PERSONNELLES<\/b><br \/>\n<i data-stringify-type=\"italic\">(Ex articles 13-14 du r\u00e8glement UE 2016\/679 et d\u00e9cret l\u00e9gislatif 196\/2003 \u00e0 la lumi\u00e8re du d\u00e9cret l\u00e9gislatif 101\/2018)<\/i><\/div>\n<div class=\"p-rich_text_section\">Cher int\u00e9ress\u00e9,<br \/>\nci-dessous, nous vous fournissons certaines informations que vous devez apporter \u00e0 votre connaissance, non seulement pour respecter les obligations l\u00e9gales, mais aussi parce que la transparence et l&rsquo;\u00e9quit\u00e9 envers nos clients sont une partie fondamentale de notre activit\u00e9.<br \/>\nLe Responsable du traitement de vos donn\u00e9es personnelles est KanbanRocket, responsable envers vous de l&rsquo;utilisation l\u00e9gitime et correcte de vos donn\u00e9es personnelles et que vous pouvez contacter pour toute information ou demande aux adresses suivantes:<\/div>\n<div><\/div>\n<div class=\"p-rich_text_section\">Contr\u00f4leur de donn\u00e9es: <b data-stringify-type=\"bold\"><span class=\"m_-3192756243357682835spelle\">TALARYS S.r.l.<\/span><\/b><\/div>\n<div class=\"p-rich_text_section\">Si\u00e8ge op\u00e9rationnel: <strong><span class=\"cmplz-contact-address\">Via del Santo, 37 \u2013 35010 Limena PD<\/span><\/strong><\/div>\n<div class=\"p-rich_text_section\">Bureau d&rsquo;inscription: <strong>Via Ronchi, 19 &#8211; 35010 Loreggia (PD)<br \/>\n<\/strong>Contacts: E-mail: info@talarys.com<\/div>\n<div class=\"p-rich_text_section\">Le Responsable du traitement garantit la s\u00e9curit\u00e9, la confidentialit\u00e9 et la protection des donn\u00e9es en sa possession, \u00e0 tout stade du processus de traitement des donn\u00e9es. Les donn\u00e9es collect\u00e9es sont utilis\u00e9es conform\u00e9ment \u00e0 la l\u00e9gislation en vigueur sur la confidentialit\u00e9 (GDPR 679\/2016). Les donn\u00e9es personnelles peuvent \u00eatre port\u00e9es \u00e0 la connaissance des personnes autoris\u00e9es \u00e0 les traiter et peuvent \u00eatre communiqu\u00e9es \u00e0 des collaborateurs et \/ ou \u00e0 d&rsquo;autres sujets pour lesquels la communication est n\u00e9cessaire pour la fourniture de services, pour le support technique des services informatiques \/ t\u00e9l\u00e9matiques et le stockage sur serveur. Les donn\u00e9es fournies par l&rsquo;utilisateur peuvent \u00eatre divulgu\u00e9es \u00e0 des sujets pour lesquels il existe une obligation de communication conform\u00e9ment \u00e0 la loi ou un besoin de communication pour faire valoir un droit \u00e9quitable du propri\u00e9taire aupr\u00e8s des organismes appropri\u00e9s. Le transfert des donn\u00e9es personnelles collect\u00e9es vers des pays tiers ou vers des organisations internationales n&rsquo;est pas envisag\u00e9.<\/p>\n<p><b data-stringify-type=\"bold\">BUT DU TRAITEMENT<\/b><br \/>\nLes syst\u00e8mes informatiques et les proc\u00e9dures logicielles qui r\u00e9gissent le fonctionnement de ce site acqui\u00e8rent les donn\u00e9es de navigation. Ces informations ne sont pas collect\u00e9es pour permettre l&rsquo;identification ult\u00e9rieure de l&rsquo;utilisateur, mais sont utilis\u00e9es dans le seul but d&rsquo;obtenir des informations statistiques anonymes sur l&rsquo;utilisation du site et de v\u00e9rifier son bon fonctionnement; cette cat\u00e9gorie de donn\u00e9es comprend:<\/div>\n<ul class=\"p-rich_text_list p-rich_text_list__bullet\" data-stringify-type=\"unordered-list\" data-indent=\"0\">\n<li data-stringify-indent=\"0\">adresses IP ou noms de domaine des ordinateurs utilis\u00e9s par les utilisateurs qui se connectent au site;<\/li>\n<li data-stringify-indent=\"0\">heure de la demande;<\/li>\n<li data-stringify-indent=\"0\">m\u00e9thode utilis\u00e9e pour soumettre la demande au serveur;<\/li>\n<li data-stringify-indent=\"0\">code num\u00e9rique indiquant l&rsquo;\u00e9tat de la r\u00e9ponse donn\u00e9e par le serveur (succ\u00e8s, erreur, etc.);<\/li>\n<li data-stringify-indent=\"0\">d&rsquo;autres param\u00e8tres relatifs au syst\u00e8me d&rsquo;exploitation et au navigateur utilis\u00e9s par l&rsquo;utilisateur.<\/li>\n<\/ul>\n<div class=\"p-rich_text_section\">Les donn\u00e9es que les utilisateurs fournissent volontairement via ce site sont trait\u00e9es dans le seul but de permettre l&rsquo;acc\u00e8s aux produits, services et contenus, ainsi que pour ex\u00e9cuter le service ou la fourniture demand\u00e9. En ce qui concerne certains services sp\u00e9cifiques, et sous r\u00e9serve du consentement \u00e9clair\u00e9 de l&rsquo;int\u00e9ress\u00e9, le Responsable du traitement peut \u00e9galement utiliser ces donn\u00e9es \u00e0 des fins d&rsquo;information et de mise \u00e0 jour sur les services propos\u00e9s (par exemple par l&rsquo;envoi de newsletters), pour la r\u00e9alisation d&rsquo;activit\u00e9s de vente. O placement de produits et de services et de r\u00e9aliser des \u00e9tudes et des \u00e9tudes de march\u00e9. Dans tous les cas, les donn\u00e9es acquises pourraient \u00eatre utilis\u00e9es pour d\u00e9terminer les responsabilit\u00e9s relatives \u00e0 des crimes hypoth\u00e9tiques, y compris des d\u00e9lits informatiques, au d\u00e9triment du site.<\/div>\n<div class=\"p-rich_text_section\"><b data-stringify-type=\"bold\">INFORMATIONS PERSONNELLES QUE NOUS COLLECTONS<\/b><br \/>\nA chaque occasion de contact ou d&rsquo;interaction avec le visiteur, certaines informations personnelles peuvent \u00eatre collect\u00e9es telles que:<\/div>\n<ul class=\"p-rich_text_list p-rich_text_list__bullet\" data-stringify-type=\"unordered-list\" data-indent=\"0\">\n<li data-stringify-indent=\"0\">Pr\u00e9nom;<\/li>\n<li data-stringify-indent=\"0\">Nom;<\/li>\n<li data-stringify-indent=\"0\">T\u00e9l\u00e9phoner;<\/li>\n<li data-stringify-indent=\"0\">E-mail;<\/li>\n<li data-stringify-indent=\"0\">Toutes autres donn\u00e9es qui peuvent nous \u00eatre fournies volontairement par l&rsquo;utilisateur.<\/li>\n<\/ul>\n<div class=\"p-rich_text_section\">Outre ce qui est pr\u00e9cis\u00e9 ci-dessous en ce qui concerne les donn\u00e9es de navigation, l&rsquo;utilisateur est libre de fournir ses donn\u00e9es personnelles, tandis que le fait de ne pas les fournir ne peut que provoquer l&rsquo;impossibilit\u00e9 d&rsquo;obtenir ce qui est demand\u00e9.<\/div>\n<div class=\"p-rich_text_section\"><b data-stringify-type=\"bold\">INFORMATIONS QUE NOUS RECUEILLONS DE TIERS<\/b><br \/>\nLors de la navigation, nous collectons des informations standard sur l&rsquo;acc\u00e8s et les d\u00e9tails du mod\u00e8le de comportement de l&rsquo;utilisateur. Ces donn\u00e9es sont utilis\u00e9es, par exemple, pour obtenir des informations sur le nombre de visiteurs qui parcourent les diff\u00e9rentes sections du site. Ces informations sont collect\u00e9es avec des proc\u00e9dures qui r\u00e9duisent le pouvoir d&rsquo;identification des cookies. Nous n&rsquo;essayons en aucun cas de d\u00e9couvrir l&rsquo;identit\u00e9 des visiteurs de notre site Web et aucune des donn\u00e9es collect\u00e9es via le site n&rsquo;est associ\u00e9e \u00e0 des informations, provenant de quelque source que ce soit, capables d&rsquo;identifier un individu (sans pr\u00e9judice, en tout cas) , les informations fournies volontairement par l&rsquo;utilisateur).<\/div>\n<div class=\"p-rich_text_section\"><b data-stringify-type=\"bold\">TEMPS DE STOCKAGE<\/b><br \/>\nConform\u00e9ment aux principes de proportionnalit\u00e9 et de n\u00e9cessit\u00e9, aucune donn\u00e9e ne sera conserv\u00e9e pendant des dur\u00e9es plus longues que celles n\u00e9cessaires \u00e0 la r\u00e9alisation des finalit\u00e9s susmentionn\u00e9es et, par cons\u00e9quent, pour le service propos\u00e9 ou les lois sp\u00e9cifiques.<br \/>\nLes donn\u00e9es collect\u00e9es via les cookies, mentionn\u00e9es dans les informations sp\u00e9cifiques ci-dessous, seront stock\u00e9es en fonction de leur nature: les cookies de session expireront lorsque l&rsquo;utilisateur ferme le navigateur, les cookies persistants ont des dates d&rsquo;expiration typiques qui, sauf exceptions particuli\u00e8res, ne d\u00e9passeront pas 60 jours.<br \/>\nL&rsquo;utilisateur peut toutefois \u00e0 tout moment demander l&rsquo;interruption du traitement ou l&rsquo;annulation et \/ ou la limitation des donn\u00e9es.<\/div>\n<div class=\"p-rich_text_section\"><b data-stringify-type=\"bold\">DROITS ET RETRAIT DU CONSENTEMENT<\/b><br \/>\nLe RGPD 679\/2016 reconna\u00eet certains droits \u00e0 l&rsquo;int\u00e9ress\u00e9:<\/div>\n<ul class=\"p-rich_text_list p-rich_text_list__bullet\" data-stringify-type=\"unordered-list\" data-indent=\"0\">\n<li data-stringify-indent=\"0\">de l&rsquo;art. 15 &#8211; droit d&rsquo;acc\u00e8s aux donn\u00e9es collect\u00e9es et trait\u00e9es;<\/li>\n<li data-stringify-indent=\"0\">de l&rsquo;art. 16 &#8211; droit d&rsquo;obtenir la rectification des donn\u00e9es;<\/li>\n<li data-stringify-indent=\"0\">de l&rsquo;art. 17 &#8211; le droit d&rsquo;obtenir la suppression des donn\u00e9es et le droit \u00e0 l&rsquo;oubli;<\/li>\n<li data-stringify-indent=\"0\">de l&rsquo;art. 18 &#8211; droit d&rsquo;obtenir la limitation du traitement;<\/li>\n<li data-stringify-indent=\"0\">de l&rsquo;art. 20 &#8211; droit \u00e0 la portabilit\u00e9 des donn\u00e9es \u00e0 un autre propri\u00e9taire;<\/li>\n<li data-stringify-indent=\"0\">de l&rsquo;art. 21 &#8211; droit de s&rsquo;opposer au traitement;<\/li>\n<li data-stringify-indent=\"0\">de l&rsquo;art. 22 &#8211; droit de ne pas \u00eatre soumis \u00e0 un traitement automatis\u00e9;<\/li>\n<li data-stringify-indent=\"0\">de l&rsquo;art. 7 &#8211; droit de retirer son consentement \u00e0 tout moment, sans pr\u00e9judice de la lic\u00e9it\u00e9 du traitement bas\u00e9 sur le consentement donn\u00e9 avant le retrait;<\/li>\n<li data-stringify-indent=\"0\">de l&rsquo;art. 77 &#8211; droit d&rsquo;introduire une r\u00e9clamation aupr\u00e8s de l&rsquo;Autorit\u00e9 de surveillance.<\/li>\n<\/ul>\n<div class=\"p-rich_text_section\">L&rsquo;exercice des droits susmentionn\u00e9s peut \u00eatre pratiqu\u00e9 en adressant une demande par e-mail aux contacts du propri\u00e9taire.<br \/>\nDes informations suppl\u00e9mentaires concernant le traitement des donn\u00e9es personnelles peuvent \u00eatre demand\u00e9es \u00e0 tout moment au responsable du traitement en utilisant les informations de contact.<\/div>\n<div class=\"p-rich_text_section\"><b data-stringify-type=\"bold\">MODIFICATIONS DE CETTE POLITIQUE DE CONFIDENTIALIT\u00c9<\/b><br \/>\nLe contr\u00f4leur de donn\u00e9es se r\u00e9serve le droit d&rsquo;apporter des modifications \u00e0 cette politique de confidentialit\u00e9 \u00e0 tout moment, en informant les utilisateurs sur cette page. Les visiteurs sont donc invit\u00e9s \u00e0 consulter r\u00e9guli\u00e8rement cette page en prenant comme r\u00e9f\u00e9rence la date de la derni\u00e8re modification indiqu\u00e9e en bas. En cas de non-acceptation des modifications apport\u00e9es \u00e0 cette politique de confidentialit\u00e9, l&rsquo;utilisateur est tenu de cesser imm\u00e9diatement d&rsquo;utiliser ce site et peut demander au responsable du traitement de supprimer ses donn\u00e9es personnelles.<br \/>\nSauf indication contraire.<\/div>\n<div class=\"p-rich_text_section\"><b data-stringify-type=\"bold\">MINEURS DE MOINS DE 14 ANS<\/b><br \/>\nNotre site Internet est destin\u00e9 au grand public et ne propose aucun service d\u00e9di\u00e9 aux enfants. Si nous prenons connaissance des donn\u00e9es personnelles d&rsquo;un enfant de moins de 14 ans, fournies par lui sans l&rsquo;autorisation de ses parents ou de tout tuteur, nous supprimerons ces informations imm\u00e9diatement.<\/div>\n<div class=\"p-rich_text_section\"><b data-stringify-type=\"bold\">D\u00c9FENSE DANS LE JUGEMENT<\/b><br \/>\nLes donn\u00e9es personnelles de l&rsquo;utilisateur peuvent \u00eatre utilis\u00e9es \u00e0 des fins de d\u00e9fense juridique par le propri\u00e9taire ou dans les \u00e9tapes menant \u00e0 son \u00e9tablissement \u00e9ventuel, contre des abus dans l&rsquo;utilisation des m\u00eames services ou des services connexes par l&rsquo;utilisateur. Suite \u00e0 une convocation, une d\u00e9cision judiciaire ou une autre initiative judiciaire afin d&rsquo;\u00e9tablir ou d&rsquo;exercer les droits reconnus par la loi au Responsable du traitement; \u00e0 prot\u00e9ger en cas de poursuites judiciaires contre le propri\u00e9taire ou \u00e0 d&rsquo;autres fins dict\u00e9es par la loi.<br \/>\nL&rsquo;Utilisateur d\u00e9clare \u00eatre conscient que le Responsable du traitement peut \u00eatre amen\u00e9 \u00e0 divulguer des Donn\u00e9es Personnelles par les autorit\u00e9s publiques.<\/div>\n","protected":false},"excerpt":{"rendered":"<p>INFORMATIONS SUR LE TRAITEMENT DES DONN\u00c9ES PERSONNELLES (Ex articles 13-14 du r\u00e8glement UE 2016\/679 et d\u00e9cret l\u00e9gislatif 196\/2003 \u00e0 la lumi\u00e8re du d\u00e9cret l\u00e9gislatif 101\/2018) Cher int\u00e9ress\u00e9, ci-dessous, nous vous fournissons certaines informations que vous devez apporter \u00e0 votre connaissance, non seulement pour respecter les obligations l\u00e9gales, mais aussi parce que la transparence et l&rsquo;\u00e9quit\u00e9 [&hellip;]<\/p>\n","protected":false},"author":3,"featured_media":0,"parent":0,"menu_order":0,"comment_status":"closed","ping_status":"open","template":"page-privacy.php","meta":[],"yoast_head":"<!-- This site is optimized with the Yoast SEO plugin v16.7 - https:\/\/yoast.com\/wordpress\/plugins\/seo\/ -->\n<title>Politique de confidentialit\u00e9 - KanbanRocket<\/title>\n<meta name=\"robots\" content=\"index, follow, max-snippet:-1, max-image-preview:large, max-video-preview:-1\" \/>\n<link rel=\"canonical\" href=\"https:\/\/www.kanbanrocket.com\/fr\/politique-de-confidentialite\/\" \/>\n<meta property=\"og:locale\" content=\"fr_FR\" \/>\n<meta property=\"og:type\" content=\"article\" \/>\n<meta property=\"og:title\" content=\"Politique de confidentialit\u00e9 - KanbanRocket\" \/>\n<meta property=\"og:description\" content=\"INFORMATIONS SUR LE TRAITEMENT DES DONN\u00c9ES PERSONNELLES (Ex articles 13-14 du r\u00e8glement UE 2016\/679 et d\u00e9cret l\u00e9gislatif 196\/2003 \u00e0 la lumi\u00e8re du d\u00e9cret l\u00e9gislatif 101\/2018) Cher int\u00e9ress\u00e9, ci-dessous, nous vous fournissons certaines informations que vous devez apporter \u00e0 votre connaissance, non seulement pour respecter les obligations l\u00e9gales, mais aussi parce que la transparence et l&rsquo;\u00e9quit\u00e9 [&hellip;]\" \/>\n<meta property=\"og:url\" content=\"https:\/\/www.kanbanrocket.com\/fr\/politique-de-confidentialite\/\" \/>\n<meta property=\"og:site_name\" content=\"KanbanRocket\" \/>\n<meta property=\"article:modified_time\" content=\"2024-12-03T09:58:32+00:00\" \/>\n<meta name=\"twitter:card\" content=\"summary_large_image\" \/>\n<meta name=\"twitter:label1\" content=\"Dur\u00e9e de lecture est.\" \/>\n\t<meta name=\"twitter:data1\" content=\"6 minutes\" \/>\n<script type=\"application\/ld+json\" class=\"yoast-schema-graph\">{\"@context\":\"https:\/\/schema.org\",\"@graph\":[{\"@type\":\"WebSite\",\"@id\":\"https:\/\/www.kanbanrocket.com\/#website\",\"url\":\"https:\/\/www.kanbanrocket.com\/\",\"name\":\"KanbanRocket\",\"description\":\"Il software per la gestione dei materiali di ultima generazione\",\"potentialAction\":[{\"@type\":\"SearchAction\",\"target\":{\"@type\":\"EntryPoint\",\"urlTemplate\":\"https:\/\/www.kanbanrocket.com\/?s={search_term_string}\"},\"query-input\":\"required name=search_term_string\"}],\"inLanguage\":\"fr-FR\"},{\"@type\":\"WebPage\",\"@id\":\"https:\/\/www.kanbanrocket.com\/fr\/politique-de-confidentialite\/#webpage\",\"url\":\"https:\/\/www.kanbanrocket.com\/fr\/politique-de-confidentialite\/\",\"name\":\"Politique de confidentialit\\u00e9 - KanbanRocket\",\"isPartOf\":{\"@id\":\"https:\/\/www.kanbanrocket.com\/#website\"},\"datePublished\":\"2021-05-15T09:17:56+00:00\",\"dateModified\":\"2024-12-03T09:58:32+00:00\",\"breadcrumb\":{\"@id\":\"https:\/\/www.kanbanrocket.com\/fr\/politique-de-confidentialite\/#breadcrumb\"},\"inLanguage\":\"fr-FR\",\"potentialAction\":[{\"@type\":\"ReadAction\",\"target\":[\"https:\/\/www.kanbanrocket.com\/fr\/politique-de-confidentialite\/\"]}]},{\"@type\":\"BreadcrumbList\",\"@id\":\"https:\/\/www.kanbanrocket.com\/fr\/politique-de-confidentialite\/#breadcrumb\",\"itemListElement\":[{\"@type\":\"ListItem\",\"position\":1,\"name\":\"Politique de confidentialit\\u00e9\"}]}]}<\/script>\n<!-- \/ Yoast SEO plugin. -->","yoast_head_json":{"title":"Politique de confidentialit\u00e9 - KanbanRocket","robots":{"index":"index","follow":"follow","max-snippet":"max-snippet:-1","max-image-preview":"max-image-preview:large","max-video-preview":"max-video-preview:-1"},"canonical":"https:\/\/www.kanbanrocket.com\/fr\/politique-de-confidentialite\/","og_locale":"fr_FR","og_type":"article","og_title":"Politique de confidentialit\u00e9 - KanbanRocket","og_description":"INFORMATIONS SUR LE TRAITEMENT DES DONN\u00c9ES PERSONNELLES (Ex articles 13-14 du r\u00e8glement UE 2016\/679 et d\u00e9cret l\u00e9gislatif 196\/2003 \u00e0 la lumi\u00e8re du d\u00e9cret l\u00e9gislatif 101\/2018) Cher int\u00e9ress\u00e9, ci-dessous, nous vous fournissons certaines informations que vous devez apporter \u00e0 votre connaissance, non seulement pour respecter les obligations l\u00e9gales, mais aussi parce que la transparence et l&rsquo;\u00e9quit\u00e9 [&hellip;]","og_url":"https:\/\/www.kanbanrocket.com\/fr\/politique-de-confidentialite\/","og_site_name":"KanbanRocket","article_modified_time":"2024-12-03T09:58:32+00:00","twitter_card":"summary_large_image","twitter_misc":{"Dur\u00e9e de lecture est.":"6 minutes"},"schema":{"@context":"https:\/\/schema.org","@graph":[{"@type":"WebSite","@id":"https:\/\/www.kanbanrocket.com\/#website","url":"https:\/\/www.kanbanrocket.com\/","name":"KanbanRocket","description":"Il software per la gestione dei materiali di ultima generazione","potentialAction":[{"@type":"SearchAction","target":{"@type":"EntryPoint","urlTemplate":"https:\/\/www.kanbanrocket.com\/?s={search_term_string}"},"query-input":"required name=search_term_string"}],"inLanguage":"fr-FR"},{"@type":"WebPage","@id":"https:\/\/www.kanbanrocket.com\/fr\/politique-de-confidentialite\/#webpage","url":"https:\/\/www.kanbanrocket.com\/fr\/politique-de-confidentialite\/","name":"Politique de confidentialit\u00e9 - KanbanRocket","isPartOf":{"@id":"https:\/\/www.kanbanrocket.com\/#website"},"datePublished":"2021-05-15T09:17:56+00:00","dateModified":"2024-12-03T09:58:32+00:00","breadcrumb":{"@id":"https:\/\/www.kanbanrocket.com\/fr\/politique-de-confidentialite\/#breadcrumb"},"inLanguage":"fr-FR","potentialAction":[{"@type":"ReadAction","target":["https:\/\/www.kanbanrocket.com\/fr\/politique-de-confidentialite\/"]}]},{"@type":"BreadcrumbList","@id":"https:\/\/www.kanbanrocket.com\/fr\/politique-de-confidentialite\/#breadcrumb","itemListElement":[{"@type":"ListItem","position":1,"name":"Politique de confidentialit\u00e9"}]}]}},"_links":{"self":[{"href":"https:\/\/www.kanbanrocket.com\/fr\/wp-json\/wp\/v2\/pages\/895"}],"collection":[{"href":"https:\/\/www.kanbanrocket.com\/fr\/wp-json\/wp\/v2\/pages"}],"about":[{"href":"https:\/\/www.kanbanrocket.com\/fr\/wp-json\/wp\/v2\/types\/page"}],"author":[{"embeddable":true,"href":"https:\/\/www.kanbanrocket.com\/fr\/wp-json\/wp\/v2\/users\/3"}],"replies":[{"embeddable":true,"href":"https:\/\/www.kanbanrocket.com\/fr\/wp-json\/wp\/v2\/comments?post=895"}],"version-history":[{"count":8,"href":"https:\/\/www.kanbanrocket.com\/fr\/wp-json\/wp\/v2\/pages\/895\/revisions"}],"predecessor-version":[{"id":3700,"href":"https:\/\/www.kanbanrocket.com\/fr\/wp-json\/wp\/v2\/pages\/895\/revisions\/3700"}],"wp:attachment":[{"href":"https:\/\/www.kanbanrocket.com\/fr\/wp-json\/wp\/v2\/media?parent=895"}],"curies":[{"name":"wp","href":"https:\/\/api.w.org\/{rel}","templated":true}]}}